{"id":17,"date":"2011-06-25T10:57:57","date_gmt":"2011-06-25T10:57:57","guid":{"rendered":"http:\/\/www.verdescrecientes.org\/blog\/?page_id=17"},"modified":"2018-06-04T16:31:07","modified_gmt":"2018-06-04T15:31:07","slug":"el-proyecto-verdes-crecientes","status":"publish","type":"page","link":"http:\/\/www.verdescrecientes.org\/blog\/?page_id=17","title":{"rendered":"El proyecto &#8220;Verdes Crecientes&#8221;"},"content":{"rendered":"<p><strong><em>M\u00e1s abajo en castellano<\/em><\/strong><\/p>\n<p>Inici del blog:\u00a0 juny del 2011. Actualitzaci\u00f3 d&#8217;esta p\u00e0gina febrer de 2017<\/p>\n<p>Quan en 2007 es va publicar -i vaig llegir- el llibre en castell\u00e0 <em>No pienses en un elefante<\/em>, (hi ha versi\u00f3 en <a href=\"http:\/\/www.vienaeditorial.com\/mostrarllibre.asp?ididioma=1&amp;idllibre=586\" target=\"_blank\" rel=\"noopener\">catal\u00e0<\/a>) de George Lakoff, vaig comen\u00e7ar a encaixar diferents percepcions de per qu\u00e8 el moviment verd espanyol -fins al dia de hui- havia sigut tan d\u00e8bil. Una de les principals idees que s\u2019exposa en el llibre, \u00e9s que els dem\u00f2crates d\u2019EE.UU, comunicaven a la contra, explicaven el que volien evitar, com un dels factors dels seus ro\u00efns resultats electorals, en lloc de saber el que volien, que pretenien aconseguir.<\/p>\n<p>Vaig comen\u00e7ar a entendre que els verds f\u00e9iem prou el mateix: som antinuclears, lluitem contra el canvi clim\u00e0tic, etc. Estem sobretot a la contra.<\/p>\n<p>Moure\u2019s nom\u00e9s en termes del que un vol evitar t\u00e9 diverses repercussions negatives -que \u00e9s una de les coses que explica el llibre de Lakoff-. La m\u00e9s \u00f2bvia \u00e9s que un sap del que allunyar-se, per\u00f2 NO t\u00e9 una direcci\u00f3 clara cap a on dirigir-se, la qual cosa dificulta avan\u00e7ar.<\/p>\n<p>Per que hi ha una idea desencertada que podria formular com \u201csi sabem el que NO volem, <em>necess\u00e0riament<\/em> sabem el que volem\u201d. Podem estar en contra de l\u2019agricultura qu\u00edmica, per\u00f2 aix\u00f2 no ens fa saber com fer agricultura biol\u00f2gica, ni com promoure-la efica\u00e7ment, ni quins s\u00f3n els seus beneficis per a les persones, ni per al planeta.<\/p>\n<p>Afortunadament la tend\u00e8ncia a la <em>contra<\/em> est\u00e0 comen\u00e7ant a canviar i cada vegada m\u00e9s hi ha moviments a favor. Exemples que aprecie especialment s\u00f3n les ciutats en transici\u00f3 o el moviment Slow Food.<\/p>\n<p>Recomane llegir el llibre de Lakoff (vegeu apartat Per a Llegir), per que posa diversos exemples de comunicacions a la contra de la pol\u00edtica dels dem\u00f2crates nord-americans. A m\u00e9s en este blog podr\u00e0s llegir alguns exemples espec\u00edfics de l\u2019ecologia pol\u00edtica i il\u00b7lustracions de com posar-los en positiu en temes verds.<\/p>\n<p>A partir d\u2019aquell moment vaig comen\u00e7ar a identificar que hi ha molts altres fen\u00f2mens psicol\u00f2gics, idees desencertades, etc. que limiten severament el nostre moviment verd.<\/p>\n<p>I l\u2019altra part important, que havien ferramentes potenciadores, idees \u00fatils, que aplicant-les podien donar vida intensa al moviment verd. Per que centrar l\u2019atenci\u00f3 nom\u00e9s en els problemes, no necess\u00e0riament porta a solucionar res. O incl\u00fas m\u00e9s, els poden empitjorar.<\/p>\n<p>El prop\u00f2sit d\u2019este blog \u00e9s anar mostrant eixes idees, formes de pensar, etc. que limiten al moviment verd. I per un altre anar proposant altres plantejaments \u00fatils i fruct\u00edfers per a convertir-nos en verds creixents, per al moviment verd valenci\u00e0, i estatal per extensi\u00f3, vaja creixent, cada vegada m\u00e9s, s\u00f2lidament, amb fermesa per a poder viure plenament la nostra vida, en el nostre meravell\u00f3s planeta.<\/p>\n<p>&nbsp;<\/p>\n<p><strong>Sobre el conductor d\u2019este projecte: Carles Porcel<br \/>\n<\/strong><\/p>\n<p><a href=\"http:\/\/www.verdescrecientes.org\/blog\/wp-content\/uploads\/2011\/06\/foto-carles-14-kb-retallada.jpg\"><img decoding=\"async\" loading=\"lazy\" class=\"alignleft wp-image-238\" src=\"http:\/\/www.verdescrecientes.org\/blog\/wp-content\/uploads\/2011\/06\/foto-carles-14-kb-retallada-215x300.jpg\" alt=\"foto carles 14 kb retallada\" width=\"156\" height=\"217\" srcset=\"http:\/\/www.verdescrecientes.org\/blog\/wp-content\/uploads\/2011\/06\/foto-carles-14-kb-retallada-215x300.jpg 215w, http:\/\/www.verdescrecientes.org\/blog\/wp-content\/uploads\/2011\/06\/foto-carles-14-kb-retallada.jpg 250w\" sizes=\"(max-width: 156px) 100vw, 156px\" \/><\/a>Vaig comen\u00e7ar en el moviment ecologista cap a finals dels 70. Quan Els Verds del Pa\u00eds Valenci\u00e0 va aconseguir en 2003 el seu primer diputat auton\u00f2mic, em vaig comen\u00e7ar a acostar a ells, per que coneixia el diputat electe, ja que este havia estat participant en Acci\u00f3 Ecologista Agr\u00f3, el grup ecologista on jo col\u00b7laborava a Val\u00e8ncia. L\u2019acostament no era neutre. D\u2019una banda, si m\u2019anava a afiliar a un partit, eixe havia de ser un partit verd. D\u2019altra banda, tenia curiositat per saber, com\u00a0 funcionaven els partits verds per a tindre tan ro\u00efns resultats.<\/p>\n<p>El meu ofici de formador i consultor en models DBM (s\u00f3c director de <a href=\"http:\/\/www.Capacitador.es\" rel=\"nofollow\">http:\/\/www.Capacitador.es<\/a> \u2013abans PeNeLers) m\u2019ajuda a comprendre qu\u00e8 ocorre: actituds limitants, mecanismes psicol\u00f2gics nocius, h\u00e0bits grupals desapoderants, etc. Tot aix\u00f2 involuntari, per\u00f2 real. El meu prop\u00f2sit \u00e9s que cada vegada hagen persones que s\u2019involucren en estos plantejaments fruct\u00edfers, per a enfortir el moviment verd.<\/p>\n<p>En la Universitat Verda de 2010 vaig impartir un taller per a millorar l\u2019aplom parlant en p\u00fablic. En la de 2012 un titolat <a href=\"http:\/\/www.verdescrecientes.org\/blog\/?p=268\" target=\"_blank\" rel=\"noopener\">Comunicaci\u00f3 verda efectiva<\/a>. En la meua consulta privada, ajude a candidats i c\u00e0rrecs electes verds\/progessistes a millorar en diversos aspectes. Este \u00e9s un aspecte fonamental per a identificar actituds inconscients, idees limitants, etc. que tenen en el fons persones amb (o sense) pes del moviment verd i que vaig comprovant que estes postures estan molt m\u00e9s esteses del que pareixia. Complementari a aix\u00f2, comprove que amb el canvi efica\u00e7 d\u2019actituds eixes persones milloren el seu exercici pol\u00edtic i de relaci\u00f3, fent m\u00e9s rellevant la seua actuaci\u00f3.<\/p>\n<p>Despr\u00e9s en les sessions professionales de capacitaci\u00f3 desenvolupativa a clients com Joan Rib\u00f3 (Comprom\u00eds), alcalde de Val\u00e8ncia des de 2015, Florent Marcellesi, eurodiputat per EQUO o Carolina L\u00f3pez (EQUO) Consellera de districte a Barcelona per Barcelona en Com\u00fa, i molts altres menys coneguts, em demostren que els nostres pol\u00edtics si es preparen b\u00e9, la millora dels resultats efectius, probablement, ser\u00e0 palesa. M\u00e9s informaci\u00f3 dels meus serveis professionals http:\/\/www.capacitador.es\/ca\/canvi-personal\/<\/p>\n<p>S\u00f3c llicenciat en Filosofia, doctorat en Psicologia (sufici\u00e8ncia investigadora) i M\u00e0ster en intervenci\u00f3 psicol\u00f2gica amb DBM. S\u00f3c cofundador de l\u2019Associaci\u00f3 Espanyola de PNL i estic autoritzat per John McWhirter (el creador del DBM\u00ae) a impartir formaci\u00f3 usant models DBM\u00ae.<\/p>\n<p>Vaig ser membre del secretariat dels Verds Esquerra Ecologista del Pa\u00eds Valenci\u00e0, partit fundador de Comprom\u00eds i partit firmant del 4J d\u2019Equo. Vaig estar participant en la Coordinadora Verda, abans de la seua fusi\u00f3 amb Equo, com a assessor de comunicaci\u00f3. \u00c9s per aix\u00f2 que, en esta web hi ha comunicats de la Coordinadora Verda que en el seu moment vaig comentar.<\/p>\n<p>A finals de l&#8217;any 2014 vaig ser triat membre de l&#8217;executiva de VerdsEquo, partit fruit de la conflu\u00e8ncia d&#8217;Els Verds Esquerra Ecologista i EQUO Pa\u00eds Valenci\u00e0. En juny de 2015, despr\u00e9s de que Comprom\u00eds formara part del Pacte del Bot\u00e0nic per formar Govern en la Generalitat, va ser encomanat a VerdsEquo els nomenaments de la Conselleria d&#8217;Agricultura, Medi Ambient, Canvi Clim\u00e0tic i Desenvolupament Rural. Tot i que bona part dels nomenaments eren persones competents, els nomenaments no es van produir democr\u00e0ticament. Vaig protestar, juntament a altres companyes de l&#8217;enxufisme i de les persones no adequades al perfil requerit. Els nomenaments a dit van continuar per part d&#8217;una part de l&#8217;executiva de VerdsEquo i les nostres denuncies tamb\u00e9. Fins que al juliol de 2015 vam ser expulsat per mitjans il\u00b7legals. Vam anar a judici i la jutgessa va sentenciar que l&#8217;expulsi\u00f3 era il\u00b7legal https:\/\/www.levante-emv.com\/comunitat-valenciana\/2018\/05\/06\/criticos-verds-equo-piden-autocritica\/1713866.html<\/p>\n<p>A partir d&#8217;eixe moment el meu contacte amb la pol\u00edtica \u00e9s ajudant professionalment a millorar a persones que estan en pol\u00edtica.<\/p>\n<hr \/>\n<p><strong><span style=\"font-family: Verdana, sans-serif; font-size: small;\">\u00a0<\/span><\/strong><\/p>\n<p><span style=\"font-family: Verdana, sans-serif; font-size: small;\">Inicio del blog junio de 2011. Actualizaci\u00f3n de esta p\u00e0gina febrero de 2017<\/span><strong><span style=\"font-family: Verdana, sans-serif; font-size: small;\"><br \/>\n<\/span><\/strong><\/p>\n<p><span style=\"font-family: Verdana,sans-serif;\"><span style=\"font-size: small;\">Cuando en 2007 se public\u00f3 -y le\u00ed-el libro en castellano <em>No pienses en un elefante<\/em>, de George Lakoff, empec\u00e9 a encajar diferentes percepciones acerca por qu\u00e9 el movimiento verde espa\u00f1ol -hasta el d\u00eda de hoy- hab\u00eda sido tan d\u00e9bil. Una de las principales ideas que se expone en el libro, es que los dem\u00f3cratas de EE.UU. comunicaban <em>a la contra<\/em>, explicaban lo que quer\u00edan <em>evitar<\/em>, como uno de los factores de sus malos resultados electorales, en lugar de saber qu\u00e9 quer\u00edan, que pretend\u00edan conseguir..<\/span><\/span><\/p>\n<p><span style=\"font-family: Verdana,sans-serif;\"><span style=\"font-size: small;\">Empec\u00e9 a entender que los verdes hac\u00edamos bastante lo mismo: somos antinucleares, luchamos contra el cambio clim\u00e1tico, etc. Estamos sobre todo a la <em>contra<\/em>. <\/span><\/span><\/p>\n<p><span style=\"font-family: Verdana,sans-serif;\"><span style=\"font-size: small;\">Moverse <em>solamente<\/em> en t\u00e9rminos de lo que uno quiere <em>evitar<\/em> tiene varias <em>repercusiones negativas<\/em> -que es una de las cosas que explica el libro de Lakoff-. La m\u00e1s obvia es que uno sabe de lo que alejarse, pero NO tiene una direcci\u00f3n clara hacia d\u00f3nde dirigirse, lo cual dificulta avanzar.<\/span><\/span><\/p>\n<p><span style=\"font-family: Verdana,sans-serif;\"><span style=\"font-size: small;\">Por que hay una idea desatinada que podr\u00eda formular como \u201csi sabemos lo que NO queremos, necesariamente sabemos lo que queremos\u201d. Podemos estar en contra de la agricultura qu\u00edmica, pero eso no nos hacer saber c\u00f3mo hacer agricultura biol\u00f3gica, ni c\u00f3mo promoverla eficazmente, ni cu\u00e1les son sus beneficios para las personas, ni para el planeta.<\/span><\/span><\/p>\n<p><span style=\"font-family: Verdana,sans-serif;\"><span style=\"font-size: small;\">Afortunadamente la tendencia a la contra est\u00e1 empezando a cambiar y cada vez m\u00e1s hay movimientos a favor. Un ejemplo que aprecio especialmente son las ciudades en transici\u00f3n o el movimiento Slow Food.<br \/>\n<\/span><\/span><\/p>\n<p><span style=\"font-family: Verdana,sans-serif;\"><span style=\"font-size: small;\">Recomiendo leer el libro de Lakoff (ver apartado <a href=\"http:\/\/www.verdescrecientes.org\/blog\/?page_id=9\" target=\"_blank\" rel=\"noopener\">Para Leer<\/a>), por que pone varios ejemplos de comunicaciones a la contra de la pol\u00edtica de los dem\u00f3cratas estadounidenses. Adem\u00e1s en este blog podr\u00e1s leer algunos ejemplos espec\u00edficos de la ecolog\u00eda pol\u00edtica e ilustraciones de c\u00f3mo ponerlos en positivo en temas verdes.<\/span><\/span><\/p>\n<p><span style=\"font-family: Verdana,sans-serif;\"><span style=\"font-size: small;\">A partir de aquel momento empec\u00e9 a identificar que <em>hay otros muchos fen\u00f3menos psicol\u00f3gicos, ideas desatinadas, etc. que limitan severamente nuestro movimiento verde<\/em>.<\/span><\/span><\/p>\n<p><span style=\"font-family: Verdana,sans-serif;\"><span style=\"font-size: small;\">Y la otra parte importante, que hab\u00edan <em>herramientas potenciadoras, ideas \u00fatiles<\/em>, que aplic\u00e1ndolas pod\u00edan dar vida intensa al movimiento verde. Por que centrar la atenci\u00f3n solamente en los problemas, no necesariamente lleva a solucionar nada. O incluso m\u00e1s, los pueden empeorar.<br \/>\n<\/span><\/span><\/p>\n<p><span style=\"font-family: Verdana,sans-serif;\"><span style=\"font-size: small;\">El prop\u00f3sito de este blog es ir mostrando esas ideas, formas de pensar, etc. que limitan al movimiento verde. Y por otro ir proponiendo otros <em>planteamientos \u00fatiles y fruct\u00edferos<\/em> para convertirnos en <em>verdes crecientes<\/em>, para el movimiento verde espa\u00f1ol vaya creciendo, cada vez m\u00e1s, s\u00f3lidamente, con firmeza para poder vivir plenamente nuestra vida, en nuestro maravilloso planeta.<\/span><\/span><\/p>\n<p><span style=\"font-family: Verdana,sans-serif;\"><span style=\"font-size: small;\">\u00a0<\/span><\/span><\/p>\n<p><strong><span style=\"font-family: Verdana,sans-serif;\"><span style=\"font-size: small;\">Acerca del conductor de este proyecto: Carles Porcel<br \/>\n<\/span><\/span><\/strong><\/p>\n<p><span style=\"font-family: Verdana,sans-serif;\"><span style=\"font-size: small;\"><a href=\"http:\/\/www.verdescrecientes.org\/blog\/wp-content\/uploads\/2011\/06\/foto-carles-14-kb-retallada.jpg\"><img decoding=\"async\" loading=\"lazy\" class=\"alignleft wp-image-238\" style=\"margin-left: 10px; margin-right: 10px;\" title=\"foto carles 14 kb retallada\" src=\"http:\/\/www.verdescrecientes.org\/blog\/wp-content\/uploads\/2011\/06\/foto-carles-14-kb-retallada.jpg\" alt=\"\" width=\"140\" height=\"195\" srcset=\"http:\/\/www.verdescrecientes.org\/blog\/wp-content\/uploads\/2011\/06\/foto-carles-14-kb-retallada.jpg 250w, http:\/\/www.verdescrecientes.org\/blog\/wp-content\/uploads\/2011\/06\/foto-carles-14-kb-retallada-215x300.jpg 215w\" sizes=\"(max-width: 140px) 100vw, 140px\" \/><\/a>Empec\u00e9 en el movimiento ecologista hacia finales de los 80. Cuando <em>Els Verds del Pa\u00eds Valenci\u00e0<\/em> consigui\u00f3 en 2003 su primer diputado auton\u00f3mico, me empec\u00e9 a acercar a ellos, por que conoc\u00eda al diputado electo, ya que este hab\u00eda estado participando en Acci\u00f3 Ecologista Agr\u00f3, el grupo ecologista donde yo colaboraba en Valencia. El acercamiento no era neutro. Por un lado, si me iba a afiliar a un partido, ese ten\u00eda que ser un partido verde. Por otro lado, ten\u00eda curiosidad por saber, c\u00f3mo\u00a0 funcionaban los partidos verdes para tener tan malos resultados. <\/span><\/span><\/p>\n<p><span style=\"font-family: Verdana,sans-serif;\"><span style=\"font-size: small;\">Mi oficio de formador y consultor en DBM (soy director de <a href=\"http:\/\/www.Capacitador.es\">www.Capacitador.es<\/a>) me ayuda a comprender qu\u00e9 ocurre: actitudes limitantes, mecanismos psicol\u00f3gicos nocivos, h\u00e1bitos grupales desempoderantes, etc. Todo ello involuntario, pero real. Mi prop\u00f3sito es que cada vez hayan personas que se involucren en estos planteamientos fruct\u00edferos, para fortalecer el movimiento verde. <\/span><\/span><\/p>\n<p><span style=\"font-family: Verdana,sans-serif;\"><span style=\"font-size: small;\">En la Universidad Verde de 2010 impart\u00ed un taller para mejorar el aplomo hablando en p\u00fablico. En la de 2012 impart\u00ed uno titulado Comunicaci\u00f3n verde efectiva que lo puedes consultar <a href=\"http:\/\/www.verdescrecientes.org\/blog\/?p=268\" target=\"_blank\" rel=\"noopener\">aqu\u00ed<\/a>. <\/span><\/span><span style=\"font-family: Verdana,sans-serif;\"><span style=\"font-size: small;\">EN mi consulta privada, ayudo a candidatos y cargos electos verdes\/progresistas a mejorar en diversos aspectos. Este es un aspecto fundamental para identificar actitudes inconscientes, ideas limitantes, etc. que tienen en el fondo personas con (o sin) peso del movimiento verde y que voy comprobando que estas posturas est\u00e1n mucho m\u00e1s extendidas de lo que parec\u00eda. Complementario a ello, compruebo que con el cambio eficaz de actitudes esas personas mejoran su desempe\u00f1o pol\u00edtico y de relaci\u00f3n, haciendo m\u00e1s relevantes su actuaci\u00f3n.<br \/>\n<\/span><\/span><\/p>\n<p>Despu\u00e9s en las sesiones professionales de capacitaci\u00f3n desarrolativa a clientes como Joan Rib\u00f3 (Comprom\u00eds), alcalde de Valencia desde 2015, Florent Marcellesi, eurodiputado por EQUO\/Primavera europea o Carolina L\u00f3pez (EQUO) Consejera de distrito en Sants-Montju\u00efc, por Barcelona en com\u00fa, me demuestran que nuestros pol\u00edticos si se preparan bien, la mejora de los resultados efectivos, probablemente, ser\u00e1 patente. M\u00e1s informaci\u00f3n de estos servicios en http:\/\/www.capacitador.es\/atencion-individualizada\/<\/p>\n<p><span style=\"font-family: Verdana,sans-serif;\"><span style=\"font-size: small;\">Soy licenciado en Filosof\u00eda, doctorado en Psicolog\u00eda (suficiencia investigadora) y Master en intervenci\u00f3n psicol\u00f3gica con DBM. Soy cofundador de la Asociaci\u00f3n Espa\u00f1ola de PNL y estoy autorizado por John McWhirter (el creador del DBM\u00ae) a impartir formaci\u00f3n usando modelos DBM\u00ae.<br \/>\n<\/span><\/span><\/p>\n<p><span style=\"font-family: Verdana,sans-serif;\"><span style=\"font-size: small;\">Fu\u00ed miembro del secretariado de Els Verds Esquerra Ecologista del Pa\u00eds Valenci\u00e0, partido fundador y miembro de Comprom\u00eds y partido firmante del 4J de Equo. Estuve participando puntualmente en la Coordinadora Verde, antes de su fusi\u00f3n con Equo, como asesor de comunicaci\u00f3n. Es por ello que, en esta web hay comunicados de la Coordinadora Verde que en su momento coment\u00e9.<\/span><\/span><\/p>\n<p><span style=\"font-family: Verdana,sans-serif;\"><span style=\"font-size: small;\">En el a\u00f1o 2014 fui elegido miembro de la ejecutiva de VerdsEquo, partido fruto de la confluencia de Els Verds Esquerra Ecologista EQUO Pa\u00eds Valenci\u00e0. En junio de 2015, despu\u00e9s de que Comprom\u00eds formara parte del Pacto del Bot\u00e0nic para formar gobierno en la Generalitat, fue encomendado a VerdsEquo los nombramientos de la Consejer\u00eda de Agricultura, Medio ambiente, Cambio Clim\u00e1tico y Desarrollo Rural. A pesar de que buena parte de los nombramientos eran personas competentes, los nombramientos no se produjeron democr\u00e1ticamente. Protest\u00e9, juntamente a otras compa\u00f1eras, del enchufismo y de las personas no adecuadas al perfil requerido. Los nombramientos a dedo continuaron por parte de una parte de la ejecutiva de VerdsEquo y las nuestras denuncias tambi\u00e9n. Hasta que en julio de 2015 fuimos expulsadas por medios ilegales. Fuimos a juicio y la jueza sentenci\u00f3 que la expulsi\u00f3n era ilegal https:\/\/www.levante-emv.com\/comunitat-valenciana\/2018\/05\/06\/criticos-verds-equo-piden-autocritica\/1713866.html<br \/>\n<\/span><\/span><\/p>\n<p>A partir de eso momento, mi contacto con pol\u00edtica es ayudar profesionalmente a personas que est\u00e1n en pol\u00edtica.<\/p>\n<p>&nbsp;<\/p>\n","protected":false},"excerpt":{"rendered":"<p>M\u00e1s abajo en castellano Inici del blog:\u00a0 juny del 2011. Actualitzaci\u00f3 d&#8217;esta p\u00e0gina febrer de 2017 Quan en 2007 es va publicar -i vaig llegir- el llibre en castell\u00e0 No pienses en un elefante, (hi ha versi\u00f3 en catal\u00e0) de &hellip; <a href=\"http:\/\/www.verdescrecientes.org\/blog\/?page_id=17\">Continua llegint <span class=\"meta-nav\">&rarr;<\/span><\/a><\/p>\n","protected":false},"author":2,"featured_media":0,"parent":0,"menu_order":0,"comment_status":"open","ping_status":"open","template":"","meta":{"footnotes":""},"_links":{"self":[{"href":"http:\/\/www.verdescrecientes.org\/blog\/index.php?rest_route=\/wp\/v2\/pages\/17"}],"collection":[{"href":"http:\/\/www.verdescrecientes.org\/blog\/index.php?rest_route=\/wp\/v2\/pages"}],"about":[{"href":"http:\/\/www.verdescrecientes.org\/blog\/index.php?rest_route=\/wp\/v2\/types\/page"}],"author":[{"embeddable":true,"href":"http:\/\/www.verdescrecientes.org\/blog\/index.php?rest_route=\/wp\/v2\/users\/2"}],"replies":[{"embeddable":true,"href":"http:\/\/www.verdescrecientes.org\/blog\/index.php?rest_route=%2Fwp%2Fv2%2Fcomments&post=17"}],"version-history":[{"count":26,"href":"http:\/\/www.verdescrecientes.org\/blog\/index.php?rest_route=\/wp\/v2\/pages\/17\/revisions"}],"predecessor-version":[{"id":680,"href":"http:\/\/www.verdescrecientes.org\/blog\/index.php?rest_route=\/wp\/v2\/pages\/17\/revisions\/680"}],"wp:attachment":[{"href":"http:\/\/www.verdescrecientes.org\/blog\/index.php?rest_route=%2Fwp%2Fv2%2Fmedia&parent=17"}],"curies":[{"name":"wp","href":"https:\/\/api.w.org\/{rel}","templated":true}]}}